{"id":2,"date":"2024-03-14T17:11:37","date_gmt":"2024-03-14T16:11:37","guid":{"rendered":"http:\/\/emanuelzozor.com\/?page_id=2"},"modified":"2026-04-06T16:27:10","modified_gmt":"2026-04-06T14:27:10","slug":"a-propos","status":"publish","type":"page","link":"https:\/\/emanuelzozor.com\/index.php\/a-propos\/","title":{"rendered":"A Propos"},"content":{"rendered":"\n<div class=\"wp-block-cover alignfull has-parallax\" style=\"padding-top:var(--wp--preset--spacing--50);padding-right:var(--wp--preset--spacing--50);padding-bottom:var(--wp--preset--spacing--50);padding-left:var(--wp--preset--spacing--50);min-height:100vh;aspect-ratio:unset;\"><div class=\"wp-block-cover__image-background wp-image-64 has-parallax\" style=\"background-position:50% 50%;background-image:url(http:\/\/emanuelzozor.com\/wp-content\/uploads\/2024\/03\/20240218_175955-scaled.jpg)\"><\/div><span aria-hidden=\"true\" class=\"wp-block-cover__background has-base-background-color has-background-dim-0 has-background-dim\"><\/span><div class=\"wp-block-cover__inner-container has-global-padding is-layout-constrained wp-container-core-cover-is-layout-e4fd886c wp-block-cover-is-layout-constrained\">\n<div style=\"height:500px\" aria-hidden=\"true\" class=\"wp-block-spacer\"><\/div>\n<\/div><\/div>\n\n\n\n<p><\/p>\n\n\n\n<p>Apr\u00e8s une formation initiale au piano, Emanuel Zozor se consacre \u00e0 l\u2019orgue et \u00e0 l\u2019accompagnement liturgique, notamment sous les conseils de Pierre Barthez, organiste titulaire de la cath\u00e9drale Saint-\u00c9tienne de Toulouse. Il devient d\u00e8s ses d\u00e9buts, organiste de l&rsquo;\u00e9glise Notre-Dame-des-Gr\u00e2ces de Revel.<\/p>\n\n\n\n<p>Emanuel intervient depuis 2021 aupr\u00e8s de la Paroisse \u00c9tudiante de Toulouse, assurant le service d\u2019orgue \u00e0 la basilique Notre-Dame-de-la-Daurade et \u00e0 l\u2019\u00e9glise Saint-Pierre des Chartreux.<\/p>\n\n\n\n<p>Il accompagne \u00e9galement le Ch\u0153ur Liturgique de la Paroisse \u00c9tudiante de Toulouse, fond\u00e9 sous l&rsquo;impulsion de l&rsquo;abb\u00e9 Damien Verley et qui est un ensemble charg\u00e9 de l\u2019animation en polyphonie des c\u00e9l\u00e9brations de la paroisse.<\/p>\n\n\n\n<p>Engag\u00e9 pour la sauvegarde et la promotion du patrimoine, il est depuis son \u00e9lection en 2023, Pr\u00e9sident de l&rsquo;association des Amis des Orgues de Revel.<\/p>\n\n\n\n<p>En 2024, il est nomm\u00e9 organiste titulaire du grand orgue Jungk de l\u2019\u00e9glise Notre-Dame-de-l\u2019Assomption de Villefranche-de-Lauragais, ainsi que de l\u2019orgue de l\u2019\u00e9glise Saint-\u00c9tienne de Bazi\u00e8ge par le Chanoine Daniel Saphy, cur\u00e9 de Villefranche.<\/p>\n\n\n\n<p>Dans le cadre de ses titulariats et de son engagement au sein de la paroisse \u00e9tudiante de Toulouse, il compose et harmonise r\u00e9guli\u00e8rement des \u0153uvres destin\u00e9es \u00e0 \u00eatre chant\u00e9es par les diff\u00e9rents ch\u0153urs qu\u2019il accompagne (<a href=\"https:\/\/emanuelzozor.com\/index.php\/partitions\/\" type=\"link\" id=\"https:\/\/emanuelzozor.com\/index.php\/partitions\/\">voir ici<\/a>).<\/p>\n\n\n\n<p>Il continue par ailleurs \u00e0 assurer ponctuellement le service d\u2019autres tribunes dans le cadre liturgique.<\/p>\n\n\n\n<p>Son activit\u00e9 privil\u00e9gie l\u2019accompagnement des c\u00e9l\u00e9brations et les formes d\u2019ouverture de l\u2019orgue aux plus jeunes.<\/p>\n\n\n\n<p><\/p>\n\n\n\n<div class=\"wp-block-cover alignfull has-parallax\" style=\"padding-top:var(--wp--preset--spacing--50);padding-right:var(--wp--preset--spacing--50);padding-bottom:var(--wp--preset--spacing--50);padding-left:var(--wp--preset--spacing--50)\"><div class=\"wp-block-cover__image-background wp-image-704 size-full has-parallax\" style=\"background-position:50% 50%;background-image:url(http:\/\/emanuelzozor.com\/wp-content\/uploads\/2026\/04\/@hugo_s_photo-148-sur-258-1-scaled.jpg)\"><\/div><span aria-hidden=\"true\" class=\"wp-block-cover__background has-base-background-color has-background-dim-0 has-background-dim\"><\/span><div class=\"wp-block-cover__inner-container has-global-padding is-layout-constrained wp-container-core-cover-is-layout-e4fd886c wp-block-cover-is-layout-constrained\">\n<div style=\"height:500px\" aria-hidden=\"true\" class=\"wp-block-spacer\"><\/div>\n<\/div><\/div>\n\n\n\n<p><\/p>\n","protected":false},"excerpt":{"rendered":"<p>Apr\u00e8s une formation initiale au piano, Emanuel Zozor se consacre \u00e0 l\u2019orgue et \u00e0 l\u2019accompagnement liturgique, notamment sous les conseils de Pierre Barthez, organiste titulaire de la cath\u00e9drale Saint-\u00c9tienne de [&hellip;]<\/p>\n","protected":false},"author":1,"featured_media":0,"parent":0,"menu_order":0,"comment_status":"closed","ping_status":"open","template":"","meta":{"_EventAllDay":false,"_EventTimezone":"","_EventStartDate":"","_EventEndDate":"","_EventStartDateUTC":"","_EventEndDateUTC":"","_EventShowMap":false,"_EventShowMapLink":false,"_EventURL":"","_EventCost":"","_EventCostDescription":"","_EventCurrencySymbol":"","_EventCurrencyCode":"","_EventCurrencyPosition":"","_EventDateTimeSeparator":"","_EventTimeRangeSeparator":"","_EventOrganizerID":[],"_EventVenueID":[],"_OrganizerEmail":"","_OrganizerPhone":"","_OrganizerWebsite":"","_VenueAddress":"","_VenueCity":"","_VenueCountry":"","_VenueProvince":"","_VenueState":"","_VenueZip":"","_VenuePhone":"","_VenueURL":"","_VenueStateProvince":"","_VenueLat":"","_VenueLng":"","_VenueShowMap":false,"_VenueShowMapLink":false,"footnotes":""},"class_list":["post-2","page","type-page","status-publish","hentry"],"yoast_head":"<!-- This site is optimized with the Yoast SEO plugin v27.4 - https:\/\/yoast.com\/product\/yoast-seo-wordpress\/ -->\n<title>A Propos - Emanuel ZOZOR - Organiste<\/title>\n<meta name=\"description\" content=\"A Propos : Emanuel Zozor est nomm\u00e9 titulaire de Villefranche-de-Lauragais et de Bazi\u00e8ge tout en servant la Paroisse \u00c9tudiante de Toulouse.\" \/>\n<meta name=\"robots\" content=\"index, follow, max-snippet:-1, max-image-preview:large, max-video-preview:-1\" \/>\n<link rel=\"canonical\" href=\"https:\/\/emanuelzozor.com\/index.php\/a-propos\/\" \/>\n<meta property=\"og:locale\" content=\"fr_FR\" \/>\n<meta property=\"og:type\" content=\"article\" \/>\n<meta property=\"og:title\" content=\"A Propos - Emanuel ZOZOR - Organiste\" \/>\n<meta property=\"og:description\" content=\"A Propos : Emanuel Zozor est nomm\u00e9 titulaire de Villefranche-de-Lauragais et de Bazi\u00e8ge tout en servant la Paroisse \u00c9tudiante de Toulouse.\" \/>\n<meta property=\"og:url\" content=\"https:\/\/emanuelzozor.com\/index.php\/a-propos\/\" \/>\n<meta property=\"og:site_name\" content=\"Emanuel ZOZOR - Organiste\" \/>\n<meta property=\"article:modified_time\" content=\"2026-04-06T14:27:10+00:00\" \/>\n<meta name=\"twitter:card\" content=\"summary_large_image\" \/>\n<meta name=\"twitter:label1\" content=\"Dur\u00e9e de lecture estim\u00e9e\" \/>\n\t<meta name=\"twitter:data1\" content=\"2 minutes\" \/>\n<script type=\"application\/ld+json\" class=\"yoast-schema-graph\">{\"@context\":\"https:\\\/\\\/schema.org\",\"@graph\":[{\"@type\":[\"WebPage\",\"AboutPage\"],\"@id\":\"https:\\\/\\\/emanuelzozor.com\\\/index.php\\\/a-propos\\\/\",\"url\":\"https:\\\/\\\/emanuelzozor.com\\\/index.php\\\/a-propos\\\/\",\"name\":\"A Propos - Emanuel ZOZOR - Organiste\",\"isPartOf\":{\"@id\":\"https:\\\/\\\/emanuelzozor.com\\\/#website\"},\"datePublished\":\"2024-03-14T16:11:37+00:00\",\"dateModified\":\"2026-04-06T14:27:10+00:00\",\"description\":\"A Propos : Emanuel Zozor est nomm\u00e9 titulaire de Villefranche-de-Lauragais et de Bazi\u00e8ge tout en servant la Paroisse \u00c9tudiante de Toulouse.\",\"breadcrumb\":{\"@id\":\"https:\\\/\\\/emanuelzozor.com\\\/index.php\\\/a-propos\\\/#breadcrumb\"},\"inLanguage\":\"fr-FR\",\"potentialAction\":[{\"@type\":\"ReadAction\",\"target\":[\"https:\\\/\\\/emanuelzozor.com\\\/index.php\\\/a-propos\\\/\"]}]},{\"@type\":\"BreadcrumbList\",\"@id\":\"https:\\\/\\\/emanuelzozor.com\\\/index.php\\\/a-propos\\\/#breadcrumb\",\"itemListElement\":[{\"@type\":\"ListItem\",\"position\":1,\"name\":\"Accueil\",\"item\":\"https:\\\/\\\/emanuelzozor.com\\\/\"},{\"@type\":\"ListItem\",\"position\":2,\"name\":\"A Propos\"}]},{\"@type\":\"WebSite\",\"@id\":\"https:\\\/\\\/emanuelzozor.com\\\/#website\",\"url\":\"https:\\\/\\\/emanuelzozor.com\\\/\",\"name\":\"Emanuel ZOZOR - Organiste\",\"description\":\"Organiste liturgique\",\"publisher\":{\"@id\":\"https:\\\/\\\/emanuelzozor.com\\\/#\\\/schema\\\/person\\\/edb34b2cb1e90c22c9e9561a9c64463a\"},\"potentialAction\":[{\"@type\":\"SearchAction\",\"target\":{\"@type\":\"EntryPoint\",\"urlTemplate\":\"https:\\\/\\\/emanuelzozor.com\\\/?s={search_term_string}\"},\"query-input\":{\"@type\":\"PropertyValueSpecification\",\"valueRequired\":true,\"valueName\":\"search_term_string\"}}],\"inLanguage\":\"fr-FR\"},{\"@type\":[\"Person\",\"Organization\"],\"@id\":\"https:\\\/\\\/emanuelzozor.com\\\/#\\\/schema\\\/person\\\/edb34b2cb1e90c22c9e9561a9c64463a\",\"name\":\"admin1476\",\"image\":{\"@type\":\"ImageObject\",\"inLanguage\":\"fr-FR\",\"@id\":\"https:\\\/\\\/emanuelzozor.com\\\/wp-content\\\/uploads\\\/2024\\\/03\\\/IMG-20230524-WA0013-01.jpeg\",\"url\":\"https:\\\/\\\/emanuelzozor.com\\\/wp-content\\\/uploads\\\/2024\\\/03\\\/IMG-20230524-WA0013-01.jpeg\",\"contentUrl\":\"https:\\\/\\\/emanuelzozor.com\\\/wp-content\\\/uploads\\\/2024\\\/03\\\/IMG-20230524-WA0013-01.jpeg\",\"width\":1183,\"height\":1183,\"caption\":\"admin1476\"},\"logo\":{\"@id\":\"https:\\\/\\\/emanuelzozor.com\\\/wp-content\\\/uploads\\\/2024\\\/03\\\/IMG-20230524-WA0013-01.jpeg\"},\"sameAs\":[\"http:\\\/\\\/emanuelzozor.com\"]}]}<\/script>\n<!-- \/ Yoast SEO plugin. -->","yoast_head_json":{"title":"A Propos - Emanuel ZOZOR - Organiste","description":"A Propos : Emanuel Zozor est nomm\u00e9 titulaire de Villefranche-de-Lauragais et de Bazi\u00e8ge tout en servant la Paroisse \u00c9tudiante de Toulouse.","robots":{"index":"index","follow":"follow","max-snippet":"max-snippet:-1","max-image-preview":"max-image-preview:large","max-video-preview":"max-video-preview:-1"},"canonical":"https:\/\/emanuelzozor.com\/index.php\/a-propos\/","og_locale":"fr_FR","og_type":"article","og_title":"A Propos - Emanuel ZOZOR - Organiste","og_description":"A Propos : Emanuel Zozor est nomm\u00e9 titulaire de Villefranche-de-Lauragais et de Bazi\u00e8ge tout en servant la Paroisse \u00c9tudiante de Toulouse.","og_url":"https:\/\/emanuelzozor.com\/index.php\/a-propos\/","og_site_name":"Emanuel ZOZOR - Organiste","article_modified_time":"2026-04-06T14:27:10+00:00","twitter_card":"summary_large_image","twitter_misc":{"Dur\u00e9e de lecture estim\u00e9e":"2 minutes"},"schema":{"@context":"https:\/\/schema.org","@graph":[{"@type":["WebPage","AboutPage"],"@id":"https:\/\/emanuelzozor.com\/index.php\/a-propos\/","url":"https:\/\/emanuelzozor.com\/index.php\/a-propos\/","name":"A Propos - Emanuel ZOZOR - Organiste","isPartOf":{"@id":"https:\/\/emanuelzozor.com\/#website"},"datePublished":"2024-03-14T16:11:37+00:00","dateModified":"2026-04-06T14:27:10+00:00","description":"A Propos : Emanuel Zozor est nomm\u00e9 titulaire de Villefranche-de-Lauragais et de Bazi\u00e8ge tout en servant la Paroisse \u00c9tudiante de Toulouse.","breadcrumb":{"@id":"https:\/\/emanuelzozor.com\/index.php\/a-propos\/#breadcrumb"},"inLanguage":"fr-FR","potentialAction":[{"@type":"ReadAction","target":["https:\/\/emanuelzozor.com\/index.php\/a-propos\/"]}]},{"@type":"BreadcrumbList","@id":"https:\/\/emanuelzozor.com\/index.php\/a-propos\/#breadcrumb","itemListElement":[{"@type":"ListItem","position":1,"name":"Accueil","item":"https:\/\/emanuelzozor.com\/"},{"@type":"ListItem","position":2,"name":"A Propos"}]},{"@type":"WebSite","@id":"https:\/\/emanuelzozor.com\/#website","url":"https:\/\/emanuelzozor.com\/","name":"Emanuel ZOZOR - Organiste","description":"Organiste liturgique","publisher":{"@id":"https:\/\/emanuelzozor.com\/#\/schema\/person\/edb34b2cb1e90c22c9e9561a9c64463a"},"potentialAction":[{"@type":"SearchAction","target":{"@type":"EntryPoint","urlTemplate":"https:\/\/emanuelzozor.com\/?s={search_term_string}"},"query-input":{"@type":"PropertyValueSpecification","valueRequired":true,"valueName":"search_term_string"}}],"inLanguage":"fr-FR"},{"@type":["Person","Organization"],"@id":"https:\/\/emanuelzozor.com\/#\/schema\/person\/edb34b2cb1e90c22c9e9561a9c64463a","name":"admin1476","image":{"@type":"ImageObject","inLanguage":"fr-FR","@id":"https:\/\/emanuelzozor.com\/wp-content\/uploads\/2024\/03\/IMG-20230524-WA0013-01.jpeg","url":"https:\/\/emanuelzozor.com\/wp-content\/uploads\/2024\/03\/IMG-20230524-WA0013-01.jpeg","contentUrl":"https:\/\/emanuelzozor.com\/wp-content\/uploads\/2024\/03\/IMG-20230524-WA0013-01.jpeg","width":1183,"height":1183,"caption":"admin1476"},"logo":{"@id":"https:\/\/emanuelzozor.com\/wp-content\/uploads\/2024\/03\/IMG-20230524-WA0013-01.jpeg"},"sameAs":["http:\/\/emanuelzozor.com"]}]}},"_links":{"self":[{"href":"https:\/\/emanuelzozor.com\/index.php\/wp-json\/wp\/v2\/pages\/2","targetHints":{"allow":["GET"]}}],"collection":[{"href":"https:\/\/emanuelzozor.com\/index.php\/wp-json\/wp\/v2\/pages"}],"about":[{"href":"https:\/\/emanuelzozor.com\/index.php\/wp-json\/wp\/v2\/types\/page"}],"author":[{"embeddable":true,"href":"https:\/\/emanuelzozor.com\/index.php\/wp-json\/wp\/v2\/users\/1"}],"replies":[{"embeddable":true,"href":"https:\/\/emanuelzozor.com\/index.php\/wp-json\/wp\/v2\/comments?post=2"}],"version-history":[{"count":128,"href":"https:\/\/emanuelzozor.com\/index.php\/wp-json\/wp\/v2\/pages\/2\/revisions"}],"predecessor-version":[{"id":706,"href":"https:\/\/emanuelzozor.com\/index.php\/wp-json\/wp\/v2\/pages\/2\/revisions\/706"}],"wp:attachment":[{"href":"https:\/\/emanuelzozor.com\/index.php\/wp-json\/wp\/v2\/media?parent=2"}],"curies":[{"name":"wp","href":"https:\/\/api.w.org\/{rel}","templated":true}]}}