{"id":69,"date":"2024-03-14T20:20:02","date_gmt":"2024-03-14T19:20:02","guid":{"rendered":"https:\/\/emanuelzozor.com\/?page_id=69"},"modified":"2026-04-15T12:31:27","modified_gmt":"2026-04-15T10:31:27","slug":"contact","status":"publish","type":"page","link":"https:\/\/emanuelzozor.com\/index.php\/contact\/","title":{"rendered":"Contact"},"content":{"rendered":"\n<div class=\"wp-block-group alignfull has-global-padding is-layout-constrained wp-container-core-group-is-layout-490fa1db wp-block-group-is-layout-constrained\" style=\"padding-top:var(--wp--preset--spacing--50);padding-right:var(--wp--preset--spacing--50);padding-bottom:var(--wp--preset--spacing--50);padding-left:var(--wp--preset--spacing--50)\">\n<div class=\"wp-block-group has-global-padding is-layout-constrained wp-container-core-group-is-layout-650790e1 wp-block-group-is-layout-constrained\">\n<div class=\"wp-block-columns is-layout-flex wp-container-core-columns-is-layout-28f84493 wp-block-columns-is-layout-flex\">\n<div class=\"wp-block-column is-layout-flow wp-block-column-is-layout-flow\" style=\"flex-basis:100%\">\n<h1 class=\"wp-block-heading has-text-align-center has-x-large-font-size\">Si vous souhaitez b\u00e9n\u00e9ficier d&rsquo;un accompagnement \u00e0 l&rsquo;orgue pour un mariage, des obs\u00e8ques ou pour toute autre occasion, n&rsquo;h\u00e9sitez pas \u00e0 me contacter. Mes tarifs indicatifs sont indiqu\u00e9s ci-dessous :<\/h1>\n<\/div>\n<\/div>\n\n\n\n<div style=\"height:38px\" aria-hidden=\"true\" class=\"wp-block-spacer\"><\/div>\n\n\n\n<div style=\"height:1.25rem\" aria-hidden=\"true\" class=\"wp-block-spacer\"><\/div>\n\n\n\n<div class=\"wp-block-buttons is-content-justification-center is-layout-flex wp-container-core-buttons-is-layout-a89b3969 wp-block-buttons-is-layout-flex\">\n<div class=\"wp-block-button has-custom-width wp-block-button__width-75\"><a class=\"wp-block-button__link wp-element-button\" href=\"mailto:contact@emanuelzozor.com\">Me contacter par mail<\/a><\/div>\n<\/div>\n<\/div>\n<\/div>\n\n\n\n<div class=\"wp-block-cover alignfull is-light has-parallax\" style=\"padding-top:var(--wp--preset--spacing--50);padding-right:var(--wp--preset--spacing--50);padding-bottom:var(--wp--preset--spacing--50);padding-left:var(--wp--preset--spacing--50);min-height:100vh;aspect-ratio:unset;\"><div class=\"wp-block-cover__image-background wp-image-74 has-parallax\" style=\"background-position:50% 50%;background-image:url(https:\/\/emanuelzozor.com\/wp-content\/uploads\/2024\/03\/Mariage-BM-1-scaled.jpg)\"><\/div><span aria-hidden=\"true\" class=\"wp-block-cover__background has-base-background-color has-background-dim-0 has-background-dim\"><\/span><div class=\"wp-block-cover__inner-container has-global-padding is-layout-constrained wp-container-core-cover-is-layout-e4fd886c wp-block-cover-is-layout-constrained\">\n<div style=\"height:500px\" aria-hidden=\"true\" class=\"wp-block-spacer\"><\/div>\n<\/div><\/div>\n\n\n\n<h2 class=\"wp-block-heading\">Tarifs<\/h2>\n\n\n\n<ul class=\"wp-block-list\">\n<li><strong>Mariages<\/strong> <\/li>\n<\/ul>\n\n\n\n<p>Accompagnement musical complet de la c\u00e9l\u00e9bration (orgue, coordination liturgique, travail avec les intervenants) : <strong>\u00c0 partir de 150 \u20ac<\/strong><\/p>\n\n\n\n<ul class=\"wp-block-list\">\n<li><strong>Bapt\u00eames<\/strong><\/li>\n<\/ul>\n\n\n\n<p>Accompagnement de la c\u00e9l\u00e9bration baptismale : <strong>\u00c0 partir de 100 \u20ac<\/strong><\/p>\n\n\n\n<ul class=\"wp-block-list\">\n<li><strong>Fun\u00e9railles<\/strong> <\/li>\n<\/ul>\n\n\n\n<p>Accompagnement \u00e0 l&rsquo;orgue de fun\u00e9railles catholiques : <strong>\u00c0 partir de 100 \u20ac<\/strong><\/p>\n\n\n\n<p><\/p>\n\n\n\n<p><em>Chaque c\u00e9l\u00e9bration \u00e9tant unique, les tarifs peuvent \u00e9voluer selon le lieu, l&rsquo;instrument, les exigences musicales et la pr\u00e9paration n\u00e9cessaire.<\/em><\/p>\n\n\n\n<p><\/p>\n\n\n\n<div class=\"wp-block-cover alignfull has-parallax\" style=\"padding-top:var(--wp--preset--spacing--50);padding-right:var(--wp--preset--spacing--50);padding-bottom:var(--wp--preset--spacing--50);padding-left:var(--wp--preset--spacing--50);min-height:100vh;aspect-ratio:unset;\"><div class=\"wp-block-cover__image-background wp-image-726 size-full has-parallax\" style=\"background-position:50% 50%;background-image:url(http:\/\/emanuelzozor.com\/wp-content\/uploads\/2026\/04\/1000101895-scaled.jpg)\"><\/div><span aria-hidden=\"true\" class=\"wp-block-cover__background has-base-background-color has-background-dim-0 has-background-dim\"><\/span><div class=\"wp-block-cover__inner-container has-global-padding is-layout-constrained wp-container-core-cover-is-layout-e4fd886c wp-block-cover-is-layout-constrained\">\n<div style=\"height:500px\" aria-hidden=\"true\" class=\"wp-block-spacer\"><\/div>\n<\/div><\/div>\n\n\n\n<p><\/p>\n","protected":false},"excerpt":{"rendered":"<p>Si vous souhaitez b\u00e9n\u00e9ficier d&rsquo;un accompagnement \u00e0 l&rsquo;orgue pour un mariage, des obs\u00e8ques ou pour toute autre occasion, n&rsquo;h\u00e9sitez pas \u00e0 me contacter. Mes tarifs indicatifs sont indiqu\u00e9s ci-dessous : [&hellip;]<\/p>\n","protected":false},"author":1,"featured_media":0,"parent":0,"menu_order":0,"comment_status":"closed","ping_status":"closed","template":"","meta":{"_EventAllDay":false,"_EventTimezone":"","_EventStartDate":"","_EventEndDate":"","_EventStartDateUTC":"","_EventEndDateUTC":"","_EventShowMap":false,"_EventShowMapLink":false,"_EventURL":"","_EventCost":"","_EventCostDescription":"","_EventCurrencySymbol":"","_EventCurrencyCode":"","_EventCurrencyPosition":"","_EventDateTimeSeparator":"","_EventTimeRangeSeparator":"","_EventOrganizerID":[],"_EventVenueID":[],"_OrganizerEmail":"","_OrganizerPhone":"","_OrganizerWebsite":"","_VenueAddress":"","_VenueCity":"","_VenueCountry":"","_VenueProvince":"","_VenueState":"","_VenueZip":"","_VenuePhone":"","_VenueURL":"","_VenueStateProvince":"","_VenueLat":"","_VenueLng":"","_VenueShowMap":false,"_VenueShowMapLink":false,"footnotes":""},"class_list":["post-69","page","type-page","status-publish","hentry"],"yoast_head":"<!-- This site is optimized with the Yoast SEO plugin v27.4 - https:\/\/yoast.com\/product\/yoast-seo-wordpress\/ -->\n<title>Contact - Emanuel ZOZOR - Organiste<\/title>\n<meta name=\"description\" content=\"N&#039;h\u00e9sitez pas \u00e0 prendre contact avec Emanuel Zozor par mail ou via les r\u00e9seaux sociaux, disponibles sur cette page.\" \/>\n<meta name=\"robots\" content=\"index, follow, max-snippet:-1, max-image-preview:large, max-video-preview:-1\" \/>\n<link rel=\"canonical\" href=\"https:\/\/emanuelzozor.com\/index.php\/contact\/\" \/>\n<meta property=\"og:locale\" content=\"fr_FR\" \/>\n<meta property=\"og:type\" content=\"article\" \/>\n<meta property=\"og:title\" content=\"Contact - Emanuel ZOZOR - Organiste\" \/>\n<meta property=\"og:description\" content=\"N&#039;h\u00e9sitez pas \u00e0 prendre contact avec Emanuel Zozor par mail ou via les r\u00e9seaux sociaux, disponibles sur cette page.\" \/>\n<meta property=\"og:url\" content=\"https:\/\/emanuelzozor.com\/index.php\/contact\/\" \/>\n<meta property=\"og:site_name\" content=\"Emanuel ZOZOR - Organiste\" \/>\n<meta property=\"article:modified_time\" content=\"2026-04-15T10:31:27+00:00\" \/>\n<meta name=\"twitter:card\" content=\"summary_large_image\" \/>\n<meta name=\"twitter:label1\" content=\"Dur\u00e9e de lecture estim\u00e9e\" \/>\n\t<meta name=\"twitter:data1\" content=\"1 minute\" \/>\n<script type=\"application\/ld+json\" class=\"yoast-schema-graph\">{\"@context\":\"https:\\\/\\\/schema.org\",\"@graph\":[{\"@type\":\"WebPage\",\"@id\":\"https:\\\/\\\/emanuelzozor.com\\\/index.php\\\/contact\\\/\",\"url\":\"https:\\\/\\\/emanuelzozor.com\\\/index.php\\\/contact\\\/\",\"name\":\"Contact - Emanuel ZOZOR - Organiste\",\"isPartOf\":{\"@id\":\"https:\\\/\\\/emanuelzozor.com\\\/#website\"},\"datePublished\":\"2024-03-14T19:20:02+00:00\",\"dateModified\":\"2026-04-15T10:31:27+00:00\",\"description\":\"N'h\u00e9sitez pas \u00e0 prendre contact avec Emanuel Zozor par mail ou via les r\u00e9seaux sociaux, disponibles sur cette page.\",\"breadcrumb\":{\"@id\":\"https:\\\/\\\/emanuelzozor.com\\\/index.php\\\/contact\\\/#breadcrumb\"},\"inLanguage\":\"fr-FR\",\"potentialAction\":[{\"@type\":\"ReadAction\",\"target\":[\"https:\\\/\\\/emanuelzozor.com\\\/index.php\\\/contact\\\/\"]}]},{\"@type\":\"BreadcrumbList\",\"@id\":\"https:\\\/\\\/emanuelzozor.com\\\/index.php\\\/contact\\\/#breadcrumb\",\"itemListElement\":[{\"@type\":\"ListItem\",\"position\":1,\"name\":\"Accueil\",\"item\":\"https:\\\/\\\/emanuelzozor.com\\\/\"},{\"@type\":\"ListItem\",\"position\":2,\"name\":\"Contact\"}]},{\"@type\":\"WebSite\",\"@id\":\"https:\\\/\\\/emanuelzozor.com\\\/#website\",\"url\":\"https:\\\/\\\/emanuelzozor.com\\\/\",\"name\":\"Emanuel ZOZOR - Organiste\",\"description\":\"Organiste liturgique\",\"publisher\":{\"@id\":\"https:\\\/\\\/emanuelzozor.com\\\/#\\\/schema\\\/person\\\/edb34b2cb1e90c22c9e9561a9c64463a\"},\"potentialAction\":[{\"@type\":\"SearchAction\",\"target\":{\"@type\":\"EntryPoint\",\"urlTemplate\":\"https:\\\/\\\/emanuelzozor.com\\\/?s={search_term_string}\"},\"query-input\":{\"@type\":\"PropertyValueSpecification\",\"valueRequired\":true,\"valueName\":\"search_term_string\"}}],\"inLanguage\":\"fr-FR\"},{\"@type\":[\"Person\",\"Organization\"],\"@id\":\"https:\\\/\\\/emanuelzozor.com\\\/#\\\/schema\\\/person\\\/edb34b2cb1e90c22c9e9561a9c64463a\",\"name\":\"admin1476\",\"image\":{\"@type\":\"ImageObject\",\"inLanguage\":\"fr-FR\",\"@id\":\"https:\\\/\\\/emanuelzozor.com\\\/wp-content\\\/uploads\\\/2024\\\/03\\\/IMG-20230524-WA0013-01.jpeg\",\"url\":\"https:\\\/\\\/emanuelzozor.com\\\/wp-content\\\/uploads\\\/2024\\\/03\\\/IMG-20230524-WA0013-01.jpeg\",\"contentUrl\":\"https:\\\/\\\/emanuelzozor.com\\\/wp-content\\\/uploads\\\/2024\\\/03\\\/IMG-20230524-WA0013-01.jpeg\",\"width\":1183,\"height\":1183,\"caption\":\"admin1476\"},\"logo\":{\"@id\":\"https:\\\/\\\/emanuelzozor.com\\\/wp-content\\\/uploads\\\/2024\\\/03\\\/IMG-20230524-WA0013-01.jpeg\"},\"sameAs\":[\"http:\\\/\\\/emanuelzozor.com\"]}]}<\/script>\n<!-- \/ Yoast SEO plugin. -->","yoast_head_json":{"title":"Contact - Emanuel ZOZOR - Organiste","description":"N'h\u00e9sitez pas \u00e0 prendre contact avec Emanuel Zozor par mail ou via les r\u00e9seaux sociaux, disponibles sur cette page.","robots":{"index":"index","follow":"follow","max-snippet":"max-snippet:-1","max-image-preview":"max-image-preview:large","max-video-preview":"max-video-preview:-1"},"canonical":"https:\/\/emanuelzozor.com\/index.php\/contact\/","og_locale":"fr_FR","og_type":"article","og_title":"Contact - Emanuel ZOZOR - Organiste","og_description":"N'h\u00e9sitez pas \u00e0 prendre contact avec Emanuel Zozor par mail ou via les r\u00e9seaux sociaux, disponibles sur cette page.","og_url":"https:\/\/emanuelzozor.com\/index.php\/contact\/","og_site_name":"Emanuel ZOZOR - Organiste","article_modified_time":"2026-04-15T10:31:27+00:00","twitter_card":"summary_large_image","twitter_misc":{"Dur\u00e9e de lecture estim\u00e9e":"1 minute"},"schema":{"@context":"https:\/\/schema.org","@graph":[{"@type":"WebPage","@id":"https:\/\/emanuelzozor.com\/index.php\/contact\/","url":"https:\/\/emanuelzozor.com\/index.php\/contact\/","name":"Contact - Emanuel ZOZOR - Organiste","isPartOf":{"@id":"https:\/\/emanuelzozor.com\/#website"},"datePublished":"2024-03-14T19:20:02+00:00","dateModified":"2026-04-15T10:31:27+00:00","description":"N'h\u00e9sitez pas \u00e0 prendre contact avec Emanuel Zozor par mail ou via les r\u00e9seaux sociaux, disponibles sur cette page.","breadcrumb":{"@id":"https:\/\/emanuelzozor.com\/index.php\/contact\/#breadcrumb"},"inLanguage":"fr-FR","potentialAction":[{"@type":"ReadAction","target":["https:\/\/emanuelzozor.com\/index.php\/contact\/"]}]},{"@type":"BreadcrumbList","@id":"https:\/\/emanuelzozor.com\/index.php\/contact\/#breadcrumb","itemListElement":[{"@type":"ListItem","position":1,"name":"Accueil","item":"https:\/\/emanuelzozor.com\/"},{"@type":"ListItem","position":2,"name":"Contact"}]},{"@type":"WebSite","@id":"https:\/\/emanuelzozor.com\/#website","url":"https:\/\/emanuelzozor.com\/","name":"Emanuel ZOZOR - Organiste","description":"Organiste liturgique","publisher":{"@id":"https:\/\/emanuelzozor.com\/#\/schema\/person\/edb34b2cb1e90c22c9e9561a9c64463a"},"potentialAction":[{"@type":"SearchAction","target":{"@type":"EntryPoint","urlTemplate":"https:\/\/emanuelzozor.com\/?s={search_term_string}"},"query-input":{"@type":"PropertyValueSpecification","valueRequired":true,"valueName":"search_term_string"}}],"inLanguage":"fr-FR"},{"@type":["Person","Organization"],"@id":"https:\/\/emanuelzozor.com\/#\/schema\/person\/edb34b2cb1e90c22c9e9561a9c64463a","name":"admin1476","image":{"@type":"ImageObject","inLanguage":"fr-FR","@id":"https:\/\/emanuelzozor.com\/wp-content\/uploads\/2024\/03\/IMG-20230524-WA0013-01.jpeg","url":"https:\/\/emanuelzozor.com\/wp-content\/uploads\/2024\/03\/IMG-20230524-WA0013-01.jpeg","contentUrl":"https:\/\/emanuelzozor.com\/wp-content\/uploads\/2024\/03\/IMG-20230524-WA0013-01.jpeg","width":1183,"height":1183,"caption":"admin1476"},"logo":{"@id":"https:\/\/emanuelzozor.com\/wp-content\/uploads\/2024\/03\/IMG-20230524-WA0013-01.jpeg"},"sameAs":["http:\/\/emanuelzozor.com"]}]}},"_links":{"self":[{"href":"https:\/\/emanuelzozor.com\/index.php\/wp-json\/wp\/v2\/pages\/69","targetHints":{"allow":["GET"]}}],"collection":[{"href":"https:\/\/emanuelzozor.com\/index.php\/wp-json\/wp\/v2\/pages"}],"about":[{"href":"https:\/\/emanuelzozor.com\/index.php\/wp-json\/wp\/v2\/types\/page"}],"author":[{"embeddable":true,"href":"https:\/\/emanuelzozor.com\/index.php\/wp-json\/wp\/v2\/users\/1"}],"replies":[{"embeddable":true,"href":"https:\/\/emanuelzozor.com\/index.php\/wp-json\/wp\/v2\/comments?post=69"}],"version-history":[{"count":12,"href":"https:\/\/emanuelzozor.com\/index.php\/wp-json\/wp\/v2\/pages\/69\/revisions"}],"predecessor-version":[{"id":737,"href":"https:\/\/emanuelzozor.com\/index.php\/wp-json\/wp\/v2\/pages\/69\/revisions\/737"}],"wp:attachment":[{"href":"https:\/\/emanuelzozor.com\/index.php\/wp-json\/wp\/v2\/media?parent=69"}],"curies":[{"name":"wp","href":"https:\/\/api.w.org\/{rel}","templated":true}]}}